{"id":251,"date":"2017-07-06T17:27:42","date_gmt":"2017-07-06T15:27:42","guid":{"rendered":"https:\/\/mclawmedia.com\/entw\/?page_id=251"},"modified":"2017-07-09T11:32:51","modified_gmt":"2017-07-09T09:32:51","slug":"liebe","status":"publish","type":"page","link":"https:\/\/mclawmedia.com\/entw\/liebe\/","title":{"rendered":"LIEBE"},"content":{"rendered":"<p class=\"Normal-P\"><span class=\"Normal-C-C0\"><br \/>\n<span style=\"text-decoration: underline;\"><strong>A<\/strong><\/span><\/span><span class=\"Normal-C\">lles ruhig<br \/>\n<\/span><span class=\"Normal-C\">au\u00dfen<br \/>\n<\/span><span class=\"Normal-C\">innen<br \/>\n<\/span><span class=\"Normal-C\">w\u00fchlende gef\u00fchle<\/p>\n<p><\/span><span class=\"Normal-C\">blutig tropft<br \/>\n<\/span><span class=\"Normal-C\">das herz<br \/>\n<\/span><span class=\"Normal-C\">geborsten<br \/>\n<\/span><span class=\"Normal-C\">seele gequ\u00e4lt<br \/>\n<\/span><span class=\"Normal-C\">bis zum zerflie\u00dfen<br \/>\n<\/span><span class=\"Normal-C\">gequ\u00e4tscht<\/p>\n<p><\/span><span class=\"Normal-C\">verlust immense<br \/>\n<\/span><span class=\"Normal-C\">seele wie herz<br \/>\n<\/span><span class=\"Normal-C\">blume blaute<br \/>\n<\/span><span class=\"Normal-C\">nur kurz<br \/>\n<\/span><span class=\"Normal-C\">dann<br \/>\n<\/span><span class=\"Normal-C\">verwelktnis<\/span><\/p>\n<p class=\"Normal-P\"><span class=\"Normal-C\">drachenblut<br \/>\n<\/span><span class=\"Normal-C\">mu\u00df her<br \/>\n<\/span><span class=\"Normal-C\">mu\u00df mich<br \/>\n<\/span><span class=\"Normal-C\">&#8218;drin suhlen<br \/>\n<\/span><span class=\"Normal-C\">blut gerinnt sich<br \/>\n<\/span><span class=\"Normal-C\">haut h\u00e4rtet<br \/>\n<\/span><span class=\"Normal-C\">unverwundnis tut sch\u00f6n<\/span><\/p>\n<p><span class=\"Normal-C\">gewappnet gegen<br \/>\n<\/span><span class=\"Normal-C\">alles wei\u00df nicht<br \/>\n<\/span><span class=\"Normal-C\">nichts<br \/>\n<\/span><span class=\"Normal-C\">was mich bohren<br \/>\n<\/span><span class=\"Normal-C\">kann ist<br \/>\n<\/span><span class=\"Normal-C\">das am<br \/>\n<\/span><span class=\"Normal-C\">wegrand<br \/>\n<\/span><\/p>\n<p><span class=\"Normal-C\">jawohl kaum<br \/>\n<\/span><span class=\"Normal-C\">drei wochen<br \/>\n<\/span><span class=\"Normal-C\">verrannt<br \/>\n<\/span><span class=\"Normal-C\">fast unscheinbar<br \/>\n<\/span><span class=\"Normal-C\">mu\u00df n\u00e4her sehen<\/span><\/p>\n<p><span class=\"Normal-C\">ja das blauende<br \/>\n<\/span><span class=\"Normal-C\">fast unscheinbar<br \/>\n<\/span><span class=\"Normal-C\">klein<br \/>\n<\/span><span class=\"Normal-C\">dies bl\u00fcmlein<br \/>\n<\/span><span class=\"Normal-C\">aber sch\u00f6n<br \/>\n<\/span><span class=\"Normal-C\">weicher kern sprengt<br \/>\n<\/span><span class=\"Normal-C\">drachenhaut<br \/>\n<\/span><span class=\"Normal-C\">kurz<br \/>\n<\/span><span class=\"Normal-C\">gl\u00fcck \u2013 schmerz<br \/>\n<\/span><span class=\"Normal-C\">bleibend<br \/>\n<\/span><span class=\"Normal-C\">das mott<\/span><span style=\"text-decoration: underline;\"><strong><span class=\"Normal-C-C0\">O<\/span><\/strong><\/span><\/p>\n<p class=\"Normal-P\"><span class=\"Normal-C\"><br \/>\n(\u00a9 Mac McLaw \u2013\u00a0aus: \u00bbJungs weinen nicht\u00ab)<\/span><\/p>\n","protected":false},"excerpt":{"rendered":"<p>Alles ruhig au\u00dfen innen w\u00fchlende gef\u00fchle blutig tropft das herz geborsten seele gequ\u00e4lt bis zum zerflie\u00dfen gequ\u00e4tscht verlust immense seele wie herz blume blaute nur kurz dann verwelktnis drachenblut mu\u00df her mu\u00df mich &#8218;drin suhlen blut gerinnt sich haut h\u00e4rtet&hellip; <\/p>\n","protected":false},"author":1,"featured_media":0,"parent":0,"menu_order":0,"comment_status":"closed","ping_status":"closed","template":"","meta":{"footnotes":""},"class_list":["post-251","page","type-page","status-publish","hentry"],"yoast_head":"<!-- This site is optimized with the Yoast SEO plugin v25.7 - https:\/\/yoast.com\/wordpress\/plugins\/seo\/ -->\n<title>LIEBE &#187; Entw \/ Mac McLaw<\/title>\n<meta name=\"robots\" content=\"index, follow, max-snippet:-1, max-image-preview:large, max-video-preview:-1\" \/>\n<link rel=\"canonical\" href=\"https:\/\/mclawmedia.com\/entw\/liebe\/\" \/>\n<meta property=\"og:locale\" content=\"de_DE\" \/>\n<meta property=\"og:type\" content=\"article\" \/>\n<meta property=\"og:title\" content=\"LIEBE &#187; Entw \/ Mac McLaw\" \/>\n<meta property=\"og:description\" content=\"Alles ruhig au\u00dfen innen w\u00fchlende gef\u00fchle blutig tropft das herz geborsten seele gequ\u00e4lt bis zum zerflie\u00dfen gequ\u00e4tscht verlust immense seele wie herz blume blaute nur kurz dann verwelktnis drachenblut mu\u00df her mu\u00df mich &#8218;drin suhlen blut gerinnt sich haut h\u00e4rtet&hellip;\" \/>\n<meta property=\"og:url\" content=\"https:\/\/mclawmedia.com\/entw\/liebe\/\" \/>\n<meta property=\"og:site_name\" content=\"Entw \/ Mac McLaw\" \/>\n<meta property=\"article:publisher\" content=\"https:\/\/www.facebook.com\/macmclaw\" \/>\n<meta property=\"article:modified_time\" content=\"2017-07-09T09:32:51+00:00\" \/>\n<meta name=\"twitter:card\" content=\"summary_large_image\" \/>\n<meta name=\"twitter:site\" content=\"@macmclaw\" \/>\n<meta name=\"twitter:label1\" content=\"Gesch\u00e4tzte Lesezeit\" \/>\n\t<meta name=\"twitter:data1\" content=\"1\u00a0Minute\" \/>\n<script type=\"application\/ld+json\" class=\"yoast-schema-graph\">{\"@context\":\"https:\/\/schema.org\",\"@graph\":[{\"@type\":\"WebPage\",\"@id\":\"https:\/\/mclawmedia.com\/entw\/liebe\/\",\"url\":\"https:\/\/mclawmedia.com\/entw\/liebe\/\",\"name\":\"LIEBE &#187; Entw \/ Mac McLaw\",\"isPartOf\":{\"@id\":\"https:\/\/mclawmedia.com\/entw\/#website\"},\"datePublished\":\"2017-07-06T15:27:42+00:00\",\"dateModified\":\"2017-07-09T09:32:51+00:00\",\"breadcrumb\":{\"@id\":\"https:\/\/mclawmedia.com\/entw\/liebe\/#breadcrumb\"},\"inLanguage\":\"de\",\"potentialAction\":[{\"@type\":\"ReadAction\",\"target\":[\"https:\/\/mclawmedia.com\/entw\/liebe\/\"]}]},{\"@type\":\"BreadcrumbList\",\"@id\":\"https:\/\/mclawmedia.com\/entw\/liebe\/#breadcrumb\",\"itemListElement\":[{\"@type\":\"ListItem\",\"position\":1,\"name\":\"Startseite\",\"item\":\"https:\/\/mclawmedia.com\/entw\/\"},{\"@type\":\"ListItem\",\"position\":2,\"name\":\"LIEBE\"}]},{\"@type\":\"WebSite\",\"@id\":\"https:\/\/mclawmedia.com\/entw\/#website\",\"url\":\"https:\/\/mclawmedia.com\/entw\/\",\"name\":\"Entw \/ Mac McLaw\",\"description\":\"Independent Autor aus dem Ruhrgebiet\",\"potentialAction\":[{\"@type\":\"SearchAction\",\"target\":{\"@type\":\"EntryPoint\",\"urlTemplate\":\"https:\/\/mclawmedia.com\/entw\/?s={search_term_string}\"},\"query-input\":{\"@type\":\"PropertyValueSpecification\",\"valueRequired\":true,\"valueName\":\"search_term_string\"}}],\"inLanguage\":\"de\"}]}<\/script>\n<!-- \/ Yoast SEO plugin. -->","yoast_head_json":{"title":"LIEBE &#187; Entw \/ Mac McLaw","robots":{"index":"index","follow":"follow","max-snippet":"max-snippet:-1","max-image-preview":"max-image-preview:large","max-video-preview":"max-video-preview:-1"},"canonical":"https:\/\/mclawmedia.com\/entw\/liebe\/","og_locale":"de_DE","og_type":"article","og_title":"LIEBE &#187; Entw \/ Mac McLaw","og_description":"Alles ruhig au\u00dfen innen w\u00fchlende gef\u00fchle blutig tropft das herz geborsten seele gequ\u00e4lt bis zum zerflie\u00dfen gequ\u00e4tscht verlust immense seele wie herz blume blaute nur kurz dann verwelktnis drachenblut mu\u00df her mu\u00df mich &#8218;drin suhlen blut gerinnt sich haut h\u00e4rtet&hellip;","og_url":"https:\/\/mclawmedia.com\/entw\/liebe\/","og_site_name":"Entw \/ Mac McLaw","article_publisher":"https:\/\/www.facebook.com\/macmclaw","article_modified_time":"2017-07-09T09:32:51+00:00","twitter_card":"summary_large_image","twitter_site":"@macmclaw","twitter_misc":{"Gesch\u00e4tzte Lesezeit":"1\u00a0Minute"},"schema":{"@context":"https:\/\/schema.org","@graph":[{"@type":"WebPage","@id":"https:\/\/mclawmedia.com\/entw\/liebe\/","url":"https:\/\/mclawmedia.com\/entw\/liebe\/","name":"LIEBE &#187; Entw \/ Mac McLaw","isPartOf":{"@id":"https:\/\/mclawmedia.com\/entw\/#website"},"datePublished":"2017-07-06T15:27:42+00:00","dateModified":"2017-07-09T09:32:51+00:00","breadcrumb":{"@id":"https:\/\/mclawmedia.com\/entw\/liebe\/#breadcrumb"},"inLanguage":"de","potentialAction":[{"@type":"ReadAction","target":["https:\/\/mclawmedia.com\/entw\/liebe\/"]}]},{"@type":"BreadcrumbList","@id":"https:\/\/mclawmedia.com\/entw\/liebe\/#breadcrumb","itemListElement":[{"@type":"ListItem","position":1,"name":"Startseite","item":"https:\/\/mclawmedia.com\/entw\/"},{"@type":"ListItem","position":2,"name":"LIEBE"}]},{"@type":"WebSite","@id":"https:\/\/mclawmedia.com\/entw\/#website","url":"https:\/\/mclawmedia.com\/entw\/","name":"Entw \/ Mac McLaw","description":"Independent Autor aus dem Ruhrgebiet","potentialAction":[{"@type":"SearchAction","target":{"@type":"EntryPoint","urlTemplate":"https:\/\/mclawmedia.com\/entw\/?s={search_term_string}"},"query-input":{"@type":"PropertyValueSpecification","valueRequired":true,"valueName":"search_term_string"}}],"inLanguage":"de"}]}},"_links":{"self":[{"href":"https:\/\/mclawmedia.com\/entw\/wp-json\/wp\/v2\/pages\/251","targetHints":{"allow":["GET"]}}],"collection":[{"href":"https:\/\/mclawmedia.com\/entw\/wp-json\/wp\/v2\/pages"}],"about":[{"href":"https:\/\/mclawmedia.com\/entw\/wp-json\/wp\/v2\/types\/page"}],"author":[{"embeddable":true,"href":"https:\/\/mclawmedia.com\/entw\/wp-json\/wp\/v2\/users\/1"}],"replies":[{"embeddable":true,"href":"https:\/\/mclawmedia.com\/entw\/wp-json\/wp\/v2\/comments?post=251"}],"version-history":[{"count":0,"href":"https:\/\/mclawmedia.com\/entw\/wp-json\/wp\/v2\/pages\/251\/revisions"}],"wp:attachment":[{"href":"https:\/\/mclawmedia.com\/entw\/wp-json\/wp\/v2\/media?parent=251"}],"curies":[{"name":"wp","href":"https:\/\/api.w.org\/{rel}","templated":true}]}}