{"id":13,"date":"2017-02-20T16:48:36","date_gmt":"2017-02-20T15:48:36","guid":{"rendered":"https:\/\/mclawmedia.com\/seite2\/?page_id=13"},"modified":"2017-06-30T18:08:24","modified_gmt":"2017-06-30T16:08:24","slug":"datenschutz","status":"publish","type":"page","link":"https:\/\/mclawmedia.com\/entw\/kontaktformular\/datenschutz\/","title":{"rendered":"Datenschutz"},"content":{"rendered":"<p class=\"p1\">Die Betreiber dieser Seiten nehmen den Schutz Ihrer pers\u00f6nlichen Daten sehr ernst. Wir behandeln Ihre personenbezogenen Daten vertraulich und entsprechend der gesetzlichen Datenschutzvorschriften sowie dieser Datenschutzerkl\u00e4rung.<\/p>\n<p class=\"p1\">Die Nutzung unserer Webseite ist in der Regel ohne Angabe personenbezogener Daten m\u00f6glich.<br \/>\nSoweit auf unseren Seiten personenbezogene Daten (beispielsweise Name, Anschrift oder E-Mail-Adressen) erhoben werden, erfolgt dies, soweit m\u00f6glich, stets auf freiwilliger Basis.<br \/>\nDiese Daten werden ohne Ihre ausdr\u00fcckliche Zustimmung nicht an Dritte weitergegeben.<br \/>\nWir weisen darauf hin, dass die Daten\u00fcbertragung im Internet (z.B. bei der Kommunikation per E-Mail) Sicherheitsl\u00fccken aufweisen kann.<br \/>\nEin l\u00fcckenloser Schutz der Daten vor dem Zugriff durch Dritte ist nicht m\u00f6glich.<\/p>\n<p class=\"p4\"><b>Cookies<\/b><\/p>\n<p class=\"p1\">Internetseiten verwenden teilweise so genannte Cookies.<br \/>\nCookies richten auf Ihrem Rechner keinen Schaden an und enthalten keine Viren.<br \/>\nCookies dienen dazu, unser Angebot nutzerfreundlicher, effektiver und sicherer zu machen. Cookies sind kleine Textdateien, die auf Ihrem Rechner abgelegt werden und die Ihr Browser speichert.<br \/>\nDie meisten der von uns verwendeten Cookies sind so genannte \u201eSession-Cookies\u201c.<br \/>\nSie werden nach Ende Ihres Besuchs automatisch gel\u00f6scht.<br \/>\nAndere Cookies bleiben auf Ihrem Endger\u00e4t gespeichert, bis Sie diese l\u00f6schen.<br \/>\nDiese Cookies erm\u00f6glichen es uns, Ihren Browser beim n\u00e4chsten Besuch wiederzuerkennen.<br \/>\nSie k\u00f6nnen Ihren Browser so einstellen, dass Sie \u00fcber das Setzen von Cookies informiert werden und Cookies nur im Einzelfall erlauben, die Annahme von Cookies f\u00fcr bestimmte F\u00e4lle oder generell ausschlie\u00dfen sowie das automatische L\u00f6schen der Cookies beim Schlie\u00dfen des Browser aktivieren.<br \/>\nBei der Deaktivierung von Cookies kann die Funktionalit\u00e4t dieser Website eingeschr\u00e4nkt sein.<\/p>\n<p class=\"p4\"><b>Kontaktformular<\/b><\/p>\n<p class=\"p1\">Wenn Sie uns per Kontaktformular Anfragen zukommen lassen, werden Ihre Angaben aus dem Anfrageformular inklusive der von Ihnen dort angegebenen Kontaktdaten zwecks Bearbeitung der Anfrage und f\u00fcr den Fall von Anschlussfragen bei uns gespeichert.<br \/>\nDiese Daten geben wir nicht ohne Ihre Einwilligung weiter.<\/p>\n<p class=\"p4\"><b>Datenschutzerkl\u00e4rung f\u00fcr die Nutzung von Facebook-Plugins (Like-Button)<\/b><\/p>\n<p class=\"p6\">Auf unseren Seiten sind Plugins des sozialen Netzwerks Facebook (Facebook Inc., 1601 Willow Road, Menlo Park, California, 94025, USA) integriert. Die Facebook-Plugins erkennen Sie an dem Facebook-Logo oder dem \u201eLike-Button\u201c (\u201eGef\u00e4llt mir\u201c) auf unserer Seite. Eine \u00dcbersicht \u00fcber die Facebook-Plugins finden Sie hier:<\/p>\n<p class=\"p7\"><a href=\"https:\/\/developers.facebook.com\/docs\/plugins\/\" target=\"_blank\" rel=\"noopener\">https:\/\/developers.facebook.com\/docs\/plugins\/<\/a><\/p>\n<p class=\"p6\">Wenn Sie unsere Seiten besuchen, wird \u00fcber das Plugin eine direkte Verbindung zwischen Ihrem Browser und dem Facebook-Server hergestellt. Facebook erh\u00e4lt dadurch die Information, dass Sie mit Ihrer IP-Adresse unsere Seite besucht haben. Wenn Sie den Facebook \u201eLike-Button\u201c anklicken w\u00e4hrend Sie in Ihrem Facebook-Account eingeloggt sind, k\u00f6nnen Sie die Inhalte unserer Seiten auf Ihrem Facebook-Profil verlinken. Dadurch kann Facebook den Besuch unserer Seiten Ihrem Benutzerkonto zuordnen. Wir weisen darauf hin, dass wir als Anbieter der Seiten keine Kenntnis vom Inhalt der \u00fcbermittelten Daten sowie deren Nutzung durch Facebook erhalten. Weitere Informationen hierzu finden Sie in der Datenschutzerkl\u00e4rung von Facebook unter<\/p>\n<p class=\"p7\"><a href=\"https:\/\/de-de.facebook.com\/policy.php\" target=\"_blank\" rel=\"noopener\">https:\/\/de-de.facebook.com\/policy.php<\/a><\/p>\n<p class=\"p6\">Wenn Sie nicht w\u00fcnschen, dass Facebook den Besuch unserer Seiten Ihrem Facebook-Nutzerkonto zuordnen kann, loggen Sie sich bitte aus Ihrem Facebook-Benutzerkonto aus.<\/p>\n<p class=\"p4\"><b>Datenschutzerkl\u00e4rung f\u00fcr die Nutzung von Twitter<\/b><\/p>\n<p class=\"p6\">Auf unseren Seiten sind Funktionen des Dienstes Twitter eingebunden. Diese Funktionen werden angeboten durch die Twitter Inc., Twitter, Inc. 1355 Market St, Suite 900, San Francisco, CA 94103, USA. Durch das Benutzen von Twitter und der Funktion \u201eRe-Tweet\u201c werden die von Ihnen besuchten Webseiten mit Ihrem Twitter-Account verkn\u00fcpft und anderen Nutzern bekannt gegeben. Dabei werden auch Daten an Twitter \u00fcbertragen.<\/p>\n<p class=\"p6\">Wir weisen darauf hin, dass wir als Anbieter der Seiten keine Kenntnis vom Inhalt der \u00fcbermittelten Daten sowie deren Nutzung durch Twitter erhalten. Weitere Informationen hierzu finden Sie in der Datenschutzerkl\u00e4rung von Twitter unter <a href=\"https:\/\/twitter.com\/privacy\" target=\"_blank\" rel=\"noopener\">https:\/\/twitter.com\/privacy<\/a><\/p>\n<p class=\"p6\">Ihre Datenschutzeinstellungen bei Twitter k\u00f6nnen Sie in den Konto-Einstellungen unter <a href=\"https:\/\/twitter.com\/account\/settings\" target=\"_blank\" rel=\"noopener\">https:\/\/twitter.com\/account\/settings<\/a> \u00e4ndern.<\/p>\n<p class=\"p4\"><b>Datenschutzerkl\u00e4rung f\u00fcr die Nutzung von Instagram<\/b><\/p>\n<p class=\"p1\">Auf unseren Seiten sind Funktionen des Dienstes Instagram eingebunden. Diese Funktionen werden angeboten durch die Instagram Inc., 1601 Willow Road, Menlo Park, CA, 94025, USA integriert. Wenn Sie in Ihrem Instagram-Account eingeloggt sind k\u00f6nnen Sie durch Anklicken des Instagram-Buttons die Inhalte unserer Seiten mit Ihrem Instagram-Profil verlinken. Dadurch kann Instagram den Besuch unserer Seiten Ihrem Benutzerkonto zuordnen. Wir weisen darauf hin, dass wir als Anbieter der Seiten keine Kenntnis vom Inhalt der \u00fcbermittelten Daten sowie deren Nutzung durch Instagram erhalten.<br \/>\nWeitere Informationen hierzu finden Sie in der Datenschutzerkl\u00e4rung von Instagram:<\/p>\n<p class=\"p9\"><a href=\"https:\/\/instagram.com\/about\/legal\/privacy\/\" target=\"_blank\" rel=\"noopener\">https:\/\/instagram.com\/about\/legal\/privacy\/<\/a><\/p>\n<p class=\"p4\"><b>Datenschutzerkl\u00e4rung f\u00fcr die Nutzung von YouTube<\/b><\/p>\n<p class=\"p1\">Unsere Webseite nutzt Plugins der von Google betriebenen Seite YouTube. Betreiber der Seiten ist die YouTube, LLC, 901 Cherry Ave., San Bruno, CA 94066, USA. Wenn Sie eine unserer mit einem YouTube-Plugin ausgestatteten Seiten besuchen, wird eine Verbindung zu den Servern von YouTube hergestellt. Dabei wird dem Youtube-Server mitgeteilt, welche unserer Seiten Sie besucht haben.<\/p>\n<p class=\"p1\">Wenn Sie in Ihrem YouTube-Account eingeloggt sind erm\u00f6glichen Sie YouTube, Ihr Surfverhalten direkt Ihrem pers\u00f6nlichen Profil zuzuordnen. Dies k\u00f6nnen Sie verhindern, indem Sie sich aus Ihrem YouTube-Account ausloggen.<\/p>\n<p class=\"p1\">Weitere Informationen zum Umgang von Nutzerdaten finden Sie in der Datenschutzerkl\u00e4rung von YouTube unter: <span class=\"s3\"><a href=\"https:\/\/www.google.de\/intl\/de\/policies\/privacy\" target=\"_blank\" rel=\"noopener\">https:\/\/www.google.de\/intl\/de\/policies\/privacy<\/a><\/span><\/p>\n<p class=\"p4\"><b>Kommentarfunktion auf dieser Webseite<\/b><\/p>\n<p class=\"p1\">F\u00fcr die Kommentarfunktion auf dieser Seite werden neben Ihrem Kommentar auch Angaben zum Zeitpunkt der Erstellung des Kommentars, Ihre E-Mail-Adresse und, wenn Sie nicht anonym posten, der von Ihnen gew\u00e4hlte Nutzername gespeichert.<\/p>\n<p class=\"p4\"><b>SSL-Verschl\u00fcsselung<\/b><\/p>\n<p class=\"p1\">Diese Seite nutzt aus Gr\u00fcnden der Sicherheit und zum Schutz der \u00dcbertragung vertraulicher Inhalte, wie zum Beispiel der Anfragen, die Sie an uns als Seitenbetreiber senden, eine SSL-Verschl\u00fcsselung. Eine verschl\u00fcsselte Verbindung erkennen Sie daran, dass die Adresszeile des Browsers von \u201e<a href=\"https:\/\/xn--hvg\">https:\/\/\u201c<\/a> auf \u201e<a href=\"https:\/\/xn--hvg\">https:\/\/\u201c<\/a> wechselt und an dem Schloss-Symbol in Ihrer Browserzeile.<br \/>\nWenn die SSL Verschl\u00fcsselung aktiviert ist, k\u00f6nnen die Daten, die Sie an uns \u00fcbermitteln, nicht von Dritten mitgelesen werden.<\/p>\n<p class=\"p11\"><b>Widerspruch Werbe-Mails<\/b><\/p>\n<p class=\"p1\">Der Nutzung von im Rahmen der Impressumspflicht ver\u00f6ffentlichten Kontaktdaten zur \u00dcbersendung von nicht ausdr\u00fccklich angeforderter Werbung und Informationsmaterialien wird hiermit widersprochen. Die Betreiber der Seiten behalten sich ausdr\u00fccklich rechtliche Schritte im Falle der unverlangten Zusendung von Werbeinformationen, etwa durch Spam-E-Mails, vor.<\/p>\n<p class=\"p1\">Quelle: eRecht24, Facebook Disclaimer, Datenschutzerkl\u00e4rung Twitter<\/p>\n<p class=\"p3\"><a href=\"https:\/\/www.e-recht24.de\/muster-datenschutzerklaerung.html\" target=\"_blank\" rel=\"noopener\">https:\/\/www.e-recht24.de\/muster-datenschutzerklaerung.html<\/a><\/p>\n<p class=\"p3\"><a href=\"https:\/\/www.e-recht24.de\/artikel\/datenschutz\/6590-facebook-like-button-datenschutz-disclaimer.html\" target=\"_blank\" rel=\"noopener\">https:\/\/www.e-recht24.de\/artikel\/datenschutz\/6590-facebook-like-button-datenschutz-disclaimer.html<\/a><\/p>\n<p class=\"p3\"><a href=\"https:\/\/twitter.com\/de\/privacy\" target=\"_blank\" rel=\"noopener\">https:\/\/twitter.com\/de\/privacy<\/a><\/p>\n","protected":false},"excerpt":{"rendered":"<p>Die Betreiber dieser Seiten nehmen den Schutz Ihrer pers\u00f6nlichen Daten sehr ernst. Wir behandeln Ihre personenbezogenen Daten vertraulich und entsprechend der gesetzlichen Datenschutzvorschriften sowie dieser Datenschutzerkl\u00e4rung. Die Nutzung unserer Webseite ist in der Regel ohne Angabe personenbezogener Daten m\u00f6glich. Soweit&hellip; <\/p>\n","protected":false},"author":3,"featured_media":0,"parent":27,"menu_order":3,"comment_status":"closed","ping_status":"closed","template":"","meta":{"footnotes":""},"class_list":["post-13","page","type-page","status-publish","hentry"],"yoast_head":"<!-- This site is optimized with the Yoast SEO plugin v25.7 - https:\/\/yoast.com\/wordpress\/plugins\/seo\/ -->\n<title>Datenschutz &#187; Entw \/ Mac McLaw<\/title>\n<meta name=\"robots\" content=\"index, follow, max-snippet:-1, max-image-preview:large, max-video-preview:-1\" \/>\n<link rel=\"canonical\" href=\"https:\/\/mclawmedia.com\/entw\/kontaktformular\/datenschutz\/\" \/>\n<meta property=\"og:locale\" content=\"de_DE\" \/>\n<meta property=\"og:type\" content=\"article\" \/>\n<meta property=\"og:title\" content=\"Datenschutz &#187; Entw \/ Mac McLaw\" \/>\n<meta property=\"og:description\" content=\"Die Betreiber dieser Seiten nehmen den Schutz Ihrer pers\u00f6nlichen Daten sehr ernst. Wir behandeln Ihre personenbezogenen Daten vertraulich und entsprechend der gesetzlichen Datenschutzvorschriften sowie dieser Datenschutzerkl\u00e4rung. Die Nutzung unserer Webseite ist in der Regel ohne Angabe personenbezogener Daten m\u00f6glich. Soweit&hellip;\" \/>\n<meta property=\"og:url\" content=\"https:\/\/mclawmedia.com\/entw\/kontaktformular\/datenschutz\/\" \/>\n<meta property=\"og:site_name\" content=\"Entw \/ Mac McLaw\" \/>\n<meta property=\"article:publisher\" content=\"https:\/\/www.facebook.com\/macmclaw\" \/>\n<meta property=\"article:modified_time\" content=\"2017-06-30T16:08:24+00:00\" \/>\n<meta name=\"twitter:card\" content=\"summary_large_image\" \/>\n<meta name=\"twitter:site\" content=\"@macmclaw\" \/>\n<meta name=\"twitter:label1\" content=\"Gesch\u00e4tzte Lesezeit\" \/>\n\t<meta name=\"twitter:data1\" content=\"5\u00a0Minuten\" \/>\n<script type=\"application\/ld+json\" class=\"yoast-schema-graph\">{\"@context\":\"https:\/\/schema.org\",\"@graph\":[{\"@type\":\"WebPage\",\"@id\":\"https:\/\/mclawmedia.com\/entw\/kontaktformular\/datenschutz\/\",\"url\":\"https:\/\/mclawmedia.com\/entw\/kontaktformular\/datenschutz\/\",\"name\":\"Datenschutz &#187; Entw \/ Mac McLaw\",\"isPartOf\":{\"@id\":\"https:\/\/mclawmedia.com\/entw\/#website\"},\"datePublished\":\"2017-02-20T15:48:36+00:00\",\"dateModified\":\"2017-06-30T16:08:24+00:00\",\"breadcrumb\":{\"@id\":\"https:\/\/mclawmedia.com\/entw\/kontaktformular\/datenschutz\/#breadcrumb\"},\"inLanguage\":\"de\",\"potentialAction\":[{\"@type\":\"ReadAction\",\"target\":[\"https:\/\/mclawmedia.com\/entw\/kontaktformular\/datenschutz\/\"]}]},{\"@type\":\"BreadcrumbList\",\"@id\":\"https:\/\/mclawmedia.com\/entw\/kontaktformular\/datenschutz\/#breadcrumb\",\"itemListElement\":[{\"@type\":\"ListItem\",\"position\":1,\"name\":\"Startseite\",\"item\":\"https:\/\/mclawmedia.com\/entw\/\"},{\"@type\":\"ListItem\",\"position\":2,\"name\":\"Kontaktformular\",\"item\":\"https:\/\/mclawmedia.com\/entw\/kontaktformular\/\"},{\"@type\":\"ListItem\",\"position\":3,\"name\":\"Datenschutz\"}]},{\"@type\":\"WebSite\",\"@id\":\"https:\/\/mclawmedia.com\/entw\/#website\",\"url\":\"https:\/\/mclawmedia.com\/entw\/\",\"name\":\"Entw \/ Mac McLaw\",\"description\":\"Independent Autor aus dem Ruhrgebiet\",\"potentialAction\":[{\"@type\":\"SearchAction\",\"target\":{\"@type\":\"EntryPoint\",\"urlTemplate\":\"https:\/\/mclawmedia.com\/entw\/?s={search_term_string}\"},\"query-input\":{\"@type\":\"PropertyValueSpecification\",\"valueRequired\":true,\"valueName\":\"search_term_string\"}}],\"inLanguage\":\"de\"}]}<\/script>\n<!-- \/ Yoast SEO plugin. -->","yoast_head_json":{"title":"Datenschutz &#187; Entw \/ Mac McLaw","robots":{"index":"index","follow":"follow","max-snippet":"max-snippet:-1","max-image-preview":"max-image-preview:large","max-video-preview":"max-video-preview:-1"},"canonical":"https:\/\/mclawmedia.com\/entw\/kontaktformular\/datenschutz\/","og_locale":"de_DE","og_type":"article","og_title":"Datenschutz &#187; Entw \/ Mac McLaw","og_description":"Die Betreiber dieser Seiten nehmen den Schutz Ihrer pers\u00f6nlichen Daten sehr ernst. Wir behandeln Ihre personenbezogenen Daten vertraulich und entsprechend der gesetzlichen Datenschutzvorschriften sowie dieser Datenschutzerkl\u00e4rung. Die Nutzung unserer Webseite ist in der Regel ohne Angabe personenbezogener Daten m\u00f6glich. Soweit&hellip;","og_url":"https:\/\/mclawmedia.com\/entw\/kontaktformular\/datenschutz\/","og_site_name":"Entw \/ Mac McLaw","article_publisher":"https:\/\/www.facebook.com\/macmclaw","article_modified_time":"2017-06-30T16:08:24+00:00","twitter_card":"summary_large_image","twitter_site":"@macmclaw","twitter_misc":{"Gesch\u00e4tzte Lesezeit":"5\u00a0Minuten"},"schema":{"@context":"https:\/\/schema.org","@graph":[{"@type":"WebPage","@id":"https:\/\/mclawmedia.com\/entw\/kontaktformular\/datenschutz\/","url":"https:\/\/mclawmedia.com\/entw\/kontaktformular\/datenschutz\/","name":"Datenschutz &#187; Entw \/ Mac McLaw","isPartOf":{"@id":"https:\/\/mclawmedia.com\/entw\/#website"},"datePublished":"2017-02-20T15:48:36+00:00","dateModified":"2017-06-30T16:08:24+00:00","breadcrumb":{"@id":"https:\/\/mclawmedia.com\/entw\/kontaktformular\/datenschutz\/#breadcrumb"},"inLanguage":"de","potentialAction":[{"@type":"ReadAction","target":["https:\/\/mclawmedia.com\/entw\/kontaktformular\/datenschutz\/"]}]},{"@type":"BreadcrumbList","@id":"https:\/\/mclawmedia.com\/entw\/kontaktformular\/datenschutz\/#breadcrumb","itemListElement":[{"@type":"ListItem","position":1,"name":"Startseite","item":"https:\/\/mclawmedia.com\/entw\/"},{"@type":"ListItem","position":2,"name":"Kontaktformular","item":"https:\/\/mclawmedia.com\/entw\/kontaktformular\/"},{"@type":"ListItem","position":3,"name":"Datenschutz"}]},{"@type":"WebSite","@id":"https:\/\/mclawmedia.com\/entw\/#website","url":"https:\/\/mclawmedia.com\/entw\/","name":"Entw \/ Mac McLaw","description":"Independent Autor aus dem Ruhrgebiet","potentialAction":[{"@type":"SearchAction","target":{"@type":"EntryPoint","urlTemplate":"https:\/\/mclawmedia.com\/entw\/?s={search_term_string}"},"query-input":{"@type":"PropertyValueSpecification","valueRequired":true,"valueName":"search_term_string"}}],"inLanguage":"de"}]}},"_links":{"self":[{"href":"https:\/\/mclawmedia.com\/entw\/wp-json\/wp\/v2\/pages\/13","targetHints":{"allow":["GET"]}}],"collection":[{"href":"https:\/\/mclawmedia.com\/entw\/wp-json\/wp\/v2\/pages"}],"about":[{"href":"https:\/\/mclawmedia.com\/entw\/wp-json\/wp\/v2\/types\/page"}],"author":[{"embeddable":true,"href":"https:\/\/mclawmedia.com\/entw\/wp-json\/wp\/v2\/users\/3"}],"replies":[{"embeddable":true,"href":"https:\/\/mclawmedia.com\/entw\/wp-json\/wp\/v2\/comments?post=13"}],"version-history":[{"count":0,"href":"https:\/\/mclawmedia.com\/entw\/wp-json\/wp\/v2\/pages\/13\/revisions"}],"up":[{"embeddable":true,"href":"https:\/\/mclawmedia.com\/entw\/wp-json\/wp\/v2\/pages\/27"}],"wp:attachment":[{"href":"https:\/\/mclawmedia.com\/entw\/wp-json\/wp\/v2\/media?parent=13"}],"curies":[{"name":"wp","href":"https:\/\/api.w.org\/{rel}","templated":true}]}}