{"id":110,"date":"2017-05-15T20:58:34","date_gmt":"2017-05-15T18:58:34","guid":{"rendered":"https:\/\/mclawmedia.com\/entw\/?page_id=110"},"modified":"2020-03-08T20:27:29","modified_gmt":"2020-03-08T19:27:29","slug":"dreamhunter","status":"publish","type":"page","link":"https:\/\/mclawmedia.com\/entw\/dreamhunter\/","title":{"rendered":"Dreamhunter"},"content":{"rendered":"<p>Dreamhunter (in seiner Ur-Fassung und 1. Auflage) ist die Geschichte von Don, der sich auf die Suche nach sich selbst und seiner gro\u00dfen Liebe macht. <strong>Himmelhoch jauchzend und zu Tode betr\u00fcbt<\/strong> &#8211; ein Roadmovie als Buch!<\/p>\n<p>Der <strong>Roman<\/strong> gibt Einblicke in die Gef\u00fchle, Gedanken und Erlebnisse einer ganzen Generation.<\/p>\n<p>Die Sehns\u00fcchte, unbeabsichtigten One-Night-Stands, die <strong>Verzweiflung, Unsicherheit<\/strong> und Tr\u00e4nen rei\u00dfen einen derart mit, dass sich ein Schwindelgef\u00fchl einstellt, das nicht vergeht, bevor die letzte Seite gelesen ist.<\/p>\n<p>Dreamhunter ist eine verr\u00fcckte und besessene Liebesgeschichte, ein <strong>rebellischer<\/strong> <strong>poetischer Roman<\/strong> \u00fcber den Kampf, das Suchen und Finden der einen wahren Liebe &#8211; ein junger Mann in einer st\u00fcrmischen Schlacht der Gef\u00fchle, d\u00fcstere Lieder auf eine wunde Machoseele.<br \/>\nDie Traurigkeit und <strong>das F\u00fchlen des Liebenden<\/strong>, des Leidenden, ringt mit der \u00dcberschw\u00e4nglichkeit des Geliebten, des Lovers, mal mit gro\u00dfer Hoffnung auf dem Weg, dann doch wieder bitters\u00fc\u00dfe Songs.<br \/>\nIm Stil entwaffnende Ehrlichkeit, messerscharfe Beobachtung, unverwechselbarer Charme, das Lebensgef\u00fchl einer ganzen Generation zwischen Ausweglosigkeit und Alltagspoesie.<\/p>\n<p>McLaw eine Art <strong>James Dean der Worte<\/strong>, hart, schnell, pr\u00e4zise, brillant beobachtend&#8230;<\/p>\n","protected":false},"excerpt":{"rendered":"<p>Dreamhunter (in seiner Ur-Fassung und 1. Auflage) ist die Geschichte von Don, der sich auf die Suche nach sich selbst und seiner gro\u00dfen Liebe macht. Himmelhoch jauchzend und zu Tode betr\u00fcbt &#8211; ein Roadmovie als Buch! Der Roman gibt Einblicke&hellip; <\/p>\n","protected":false},"author":1,"featured_media":0,"parent":0,"menu_order":0,"comment_status":"closed","ping_status":"closed","template":"","meta":{"footnotes":""},"class_list":["post-110","page","type-page","status-publish","hentry"],"yoast_head":"<!-- This site is optimized with the Yoast SEO plugin v25.7 - https:\/\/yoast.com\/wordpress\/plugins\/seo\/ -->\n<title>Dreamhunter &#187; Entw \/ Mac McLaw<\/title>\n<meta name=\"robots\" content=\"index, follow, max-snippet:-1, max-image-preview:large, max-video-preview:-1\" \/>\n<link rel=\"canonical\" href=\"https:\/\/mclawmedia.com\/entw\/dreamhunter\/\" \/>\n<meta property=\"og:locale\" content=\"de_DE\" \/>\n<meta property=\"og:type\" content=\"article\" \/>\n<meta property=\"og:title\" content=\"Dreamhunter &#187; Entw \/ Mac McLaw\" \/>\n<meta property=\"og:description\" content=\"Dreamhunter (in seiner Ur-Fassung und 1. Auflage) ist die Geschichte von Don, der sich auf die Suche nach sich selbst und seiner gro\u00dfen Liebe macht. Himmelhoch jauchzend und zu Tode betr\u00fcbt &#8211; ein Roadmovie als Buch! Der Roman gibt Einblicke&hellip;\" \/>\n<meta property=\"og:url\" content=\"https:\/\/mclawmedia.com\/entw\/dreamhunter\/\" \/>\n<meta property=\"og:site_name\" content=\"Entw \/ Mac McLaw\" \/>\n<meta property=\"article:publisher\" content=\"https:\/\/www.facebook.com\/macmclaw\" \/>\n<meta property=\"article:modified_time\" content=\"2020-03-08T19:27:29+00:00\" \/>\n<meta name=\"twitter:card\" content=\"summary_large_image\" \/>\n<meta name=\"twitter:site\" content=\"@macmclaw\" \/>\n<meta name=\"twitter:label1\" content=\"Gesch\u00e4tzte Lesezeit\" \/>\n\t<meta name=\"twitter:data1\" content=\"1\u00a0Minute\" \/>\n<script type=\"application\/ld+json\" class=\"yoast-schema-graph\">{\"@context\":\"https:\/\/schema.org\",\"@graph\":[{\"@type\":\"WebPage\",\"@id\":\"https:\/\/mclawmedia.com\/entw\/dreamhunter\/\",\"url\":\"https:\/\/mclawmedia.com\/entw\/dreamhunter\/\",\"name\":\"Dreamhunter &#187; Entw \/ Mac McLaw\",\"isPartOf\":{\"@id\":\"https:\/\/mclawmedia.com\/entw\/#website\"},\"datePublished\":\"2017-05-15T18:58:34+00:00\",\"dateModified\":\"2020-03-08T19:27:29+00:00\",\"breadcrumb\":{\"@id\":\"https:\/\/mclawmedia.com\/entw\/dreamhunter\/#breadcrumb\"},\"inLanguage\":\"de\",\"potentialAction\":[{\"@type\":\"ReadAction\",\"target\":[\"https:\/\/mclawmedia.com\/entw\/dreamhunter\/\"]}]},{\"@type\":\"BreadcrumbList\",\"@id\":\"https:\/\/mclawmedia.com\/entw\/dreamhunter\/#breadcrumb\",\"itemListElement\":[{\"@type\":\"ListItem\",\"position\":1,\"name\":\"Startseite\",\"item\":\"https:\/\/mclawmedia.com\/entw\/\"},{\"@type\":\"ListItem\",\"position\":2,\"name\":\"Dreamhunter\"}]},{\"@type\":\"WebSite\",\"@id\":\"https:\/\/mclawmedia.com\/entw\/#website\",\"url\":\"https:\/\/mclawmedia.com\/entw\/\",\"name\":\"Entw \/ Mac McLaw\",\"description\":\"Independent Autor aus dem Ruhrgebiet\",\"potentialAction\":[{\"@type\":\"SearchAction\",\"target\":{\"@type\":\"EntryPoint\",\"urlTemplate\":\"https:\/\/mclawmedia.com\/entw\/?s={search_term_string}\"},\"query-input\":{\"@type\":\"PropertyValueSpecification\",\"valueRequired\":true,\"valueName\":\"search_term_string\"}}],\"inLanguage\":\"de\"}]}<\/script>\n<!-- \/ Yoast SEO plugin. -->","yoast_head_json":{"title":"Dreamhunter &#187; Entw \/ Mac McLaw","robots":{"index":"index","follow":"follow","max-snippet":"max-snippet:-1","max-image-preview":"max-image-preview:large","max-video-preview":"max-video-preview:-1"},"canonical":"https:\/\/mclawmedia.com\/entw\/dreamhunter\/","og_locale":"de_DE","og_type":"article","og_title":"Dreamhunter &#187; Entw \/ Mac McLaw","og_description":"Dreamhunter (in seiner Ur-Fassung und 1. Auflage) ist die Geschichte von Don, der sich auf die Suche nach sich selbst und seiner gro\u00dfen Liebe macht. Himmelhoch jauchzend und zu Tode betr\u00fcbt &#8211; ein Roadmovie als Buch! Der Roman gibt Einblicke&hellip;","og_url":"https:\/\/mclawmedia.com\/entw\/dreamhunter\/","og_site_name":"Entw \/ Mac McLaw","article_publisher":"https:\/\/www.facebook.com\/macmclaw","article_modified_time":"2020-03-08T19:27:29+00:00","twitter_card":"summary_large_image","twitter_site":"@macmclaw","twitter_misc":{"Gesch\u00e4tzte Lesezeit":"1\u00a0Minute"},"schema":{"@context":"https:\/\/schema.org","@graph":[{"@type":"WebPage","@id":"https:\/\/mclawmedia.com\/entw\/dreamhunter\/","url":"https:\/\/mclawmedia.com\/entw\/dreamhunter\/","name":"Dreamhunter &#187; Entw \/ Mac McLaw","isPartOf":{"@id":"https:\/\/mclawmedia.com\/entw\/#website"},"datePublished":"2017-05-15T18:58:34+00:00","dateModified":"2020-03-08T19:27:29+00:00","breadcrumb":{"@id":"https:\/\/mclawmedia.com\/entw\/dreamhunter\/#breadcrumb"},"inLanguage":"de","potentialAction":[{"@type":"ReadAction","target":["https:\/\/mclawmedia.com\/entw\/dreamhunter\/"]}]},{"@type":"BreadcrumbList","@id":"https:\/\/mclawmedia.com\/entw\/dreamhunter\/#breadcrumb","itemListElement":[{"@type":"ListItem","position":1,"name":"Startseite","item":"https:\/\/mclawmedia.com\/entw\/"},{"@type":"ListItem","position":2,"name":"Dreamhunter"}]},{"@type":"WebSite","@id":"https:\/\/mclawmedia.com\/entw\/#website","url":"https:\/\/mclawmedia.com\/entw\/","name":"Entw \/ Mac McLaw","description":"Independent Autor aus dem Ruhrgebiet","potentialAction":[{"@type":"SearchAction","target":{"@type":"EntryPoint","urlTemplate":"https:\/\/mclawmedia.com\/entw\/?s={search_term_string}"},"query-input":{"@type":"PropertyValueSpecification","valueRequired":true,"valueName":"search_term_string"}}],"inLanguage":"de"}]}},"_links":{"self":[{"href":"https:\/\/mclawmedia.com\/entw\/wp-json\/wp\/v2\/pages\/110","targetHints":{"allow":["GET"]}}],"collection":[{"href":"https:\/\/mclawmedia.com\/entw\/wp-json\/wp\/v2\/pages"}],"about":[{"href":"https:\/\/mclawmedia.com\/entw\/wp-json\/wp\/v2\/types\/page"}],"author":[{"embeddable":true,"href":"https:\/\/mclawmedia.com\/entw\/wp-json\/wp\/v2\/users\/1"}],"replies":[{"embeddable":true,"href":"https:\/\/mclawmedia.com\/entw\/wp-json\/wp\/v2\/comments?post=110"}],"version-history":[{"count":1,"href":"https:\/\/mclawmedia.com\/entw\/wp-json\/wp\/v2\/pages\/110\/revisions"}],"predecessor-version":[{"id":843,"href":"https:\/\/mclawmedia.com\/entw\/wp-json\/wp\/v2\/pages\/110\/revisions\/843"}],"wp:attachment":[{"href":"https:\/\/mclawmedia.com\/entw\/wp-json\/wp\/v2\/media?parent=110"}],"curies":[{"name":"wp","href":"https:\/\/api.w.org\/{rel}","templated":true}]}}