{"id":11,"date":"2017-02-20T17:47:15","date_gmt":"2017-02-20T15:47:15","guid":{"rendered":"https:\/\/mclawmedia.com\/seite2\/?page_id=11"},"modified":"2017-10-26T15:04:27","modified_gmt":"2017-10-26T13:04:27","slug":"impressum","status":"publish","type":"page","link":"https:\/\/mclawmedia.com\/entw\/kontaktformular\/impressum\/","title":{"rendered":"Impressum"},"content":{"rendered":"<h1><\/h1>\n<p><strong>Angaben gem\u00e4\u00df \u00a7 5 TMG:<\/strong><br \/>\nMac McLaw<br \/>\nc\/o\u00a0Scheitza<br \/>\nChriststr. 43<br \/>\n44789 Bochum<\/p>\n<p>Kontakt:<br \/>\nTelefon: wird auf seri\u00f6se Anfrage mitgeteilt, falls erforderlich<br \/>\nE-Mail: kontakt\u00a0[\u00e4\u00e4t] macmclaw [puunkt] de<\/p>\n<p>Umsatzsteuer-ID:<br \/>\nUmsatzsteuer-Identifikationsnummer gem\u00e4\u00df \u00a727 a Umsatzsteuergesetz:<br \/>\nDE 276 381 010<\/p>\n<p>Aufsichtsbeh\u00f6rde der Stadt Bochum:<br \/>\nBezirksregierung Arnsberg<\/p>\n<p>&nbsp;<\/p>\n<h1><strong>Haftungsausschluss (Disclaimer)<\/strong><\/h1>\n<p><strong><br \/>\nHaftung f\u00fcr Inhalte<\/strong><\/p>\n<p>Als Diensteanbieter sind wir gem\u00e4\u00df \u00a7 7 Abs.1 TMG f\u00fcr eigene Inhalte auf diesen Seiten nach den allgemeinen Gesetzen verantwortlich.<br \/>\nNach \u00a7\u00a7 8 bis 10 TMG sind wir als Diensteanbieter jedoch nicht verpflichtet, \u00fcbermittelte oder gespeicherte fremde Informationen zu \u00fcberwachen oder nach Umst\u00e4nden zu forschen, die auf eine rechtswidrige T\u00e4tigkeit hinweisen.<br \/>\nVerpflichtungen zur Entfernung oder Sperrung der Nutzung von Informationen nach den allgemeinen Gesetzen bleiben hiervon unber\u00fchrt.<br \/>\nEine diesbez\u00fcgliche Haftung ist jedoch erst ab dem Zeitpunkt der Kenntnis einer konkreten Rechtsverletzung m\u00f6glich.<br \/>\nBei Bekanntwerden von entsprechenden Rechtsverletzungen werden wir diese Inhalte umgehend entfernen.<\/p>\n<p><strong>Haftung f\u00fcr Links<\/strong><\/p>\n<p>Unser Angebot enth\u00e4lt eventuell Links zu externen Webseiten Dritter, auf deren Inhalte wir keinen Einfluss haben.<br \/>\nDeshalb k\u00f6nnen wir f\u00fcr diese fremden Inhalte auch keine Gew\u00e4hr \u00fcbernehmen.<br \/>\nF\u00fcr die Inhalte der verlinkten Seiten ist stets der jeweilige Anbieter oder Betreiber der Seiten verantwortlich.<br \/>\nDie verlinkten Seiten wurden zum Zeitpunkt der Verlinkung auf m\u00f6gliche Rechtsverst\u00f6\u00dfe \u00fcberpr\u00fcft.<br \/>\nRechtswidrige Inhalte waren zum Zeitpunkt der Verlinkung nicht erkennbar.<br \/>\nEine permanente inhaltliche Kontrolle der verlinkten Seiten ist jedoch ohne konkrete Anhaltspunkte einer Rechtsverletzung nicht zumutbar.<br \/>\nBei Bekanntwerden von Rechtsverletzungen werden wir derartige Links umgehend entfernen.<\/p>\n<p>&nbsp;<\/p>\n<h2><strong>Urheberrecht<\/strong><\/h2>\n<p>Die durch die Seitenbetreiber erstellten Inhalte und Werke auf diesen Seiten unterliegen dem deutschen Urheberrecht.<br \/>\nDie Vervielf\u00e4ltigung, Bearbeitung, Verbreitung und jede Art der Verwertung au\u00dferhalb der Grenzen des Urheberrechtes bed\u00fcrfen der schriftlichen Zustimmung des jeweiligen Autors bzw. Erstellers.<br \/>\nDownloads und Kopien dieser Seite sind nur f\u00fcr den privaten, nicht kommerziellen Gebrauch gestattet.<br \/>\nSoweit die Inhalte auf dieser Seite nicht vom Betreiber erstellt wurden, werden die Urheberrechte Dritter beachtet. Insbesondere werden Inhalte Dritter als solche gekennzeichnet. Sollten Sie trotzdem auf eine Urheberrechtsverletzung aufmerksam werden, bitten wir um einen entsprechenden Hinweis.<br \/>\nBei Bekanntwerden von Rechtsverletzungen werden wir derartige Inhalte umgehend entfernen.<\/p>\n<p>&nbsp;<\/p>\n<h1><strong>Widerspruch Werbe-Mails<\/strong><\/h1>\n<p>Der Nutzung von im Rahmen der Impressumspflicht ver\u00f6ffentlichten Kontaktdaten zur \u00dcbersendung von nicht ausdr\u00fccklich angeforderter Werbung und Informationsmaterialien wird hiermit widersprochen. Die Betreiber der Seiten behalten sich ausdr\u00fccklich rechtliche Schritte im Falle der unverlangten Zusendung von Werbeinformationen, etwa durch Spam-E-Mails, vor.<\/p>\n<p>Quelle: eRecht24<\/p>\n<p><a href=\"https:\/\/www.e-recht24.de\" target=\"_blank\" rel=\"noopener\">https:\/\/www.e-recht24.de<\/a><\/p>\n<p>&nbsp;<\/p>\n","protected":false},"excerpt":{"rendered":"<p>Angaben gem\u00e4\u00df \u00a7 5 TMG: Mac McLaw c\/o\u00a0Scheitza Christstr. 43 44789 Bochum Kontakt: Telefon: wird auf seri\u00f6se Anfrage mitgeteilt, falls erforderlich E-Mail: kontakt\u00a0[\u00e4\u00e4t] macmclaw [puunkt] de Umsatzsteuer-ID: Umsatzsteuer-Identifikationsnummer gem\u00e4\u00df \u00a727 a Umsatzsteuergesetz: DE 276 381 010 Aufsichtsbeh\u00f6rde der Stadt Bochum:&hellip; <\/p>\n","protected":false},"author":3,"featured_media":0,"parent":27,"menu_order":2,"comment_status":"closed","ping_status":"closed","template":"","meta":{"footnotes":""},"class_list":["post-11","page","type-page","status-publish","hentry"],"yoast_head":"<!-- This site is optimized with the Yoast SEO plugin v25.7 - https:\/\/yoast.com\/wordpress\/plugins\/seo\/ -->\n<title>Impressum &#187; Entw \/ Mac McLaw<\/title>\n<meta name=\"robots\" content=\"index, follow, max-snippet:-1, max-image-preview:large, max-video-preview:-1\" \/>\n<link rel=\"canonical\" href=\"https:\/\/mclawmedia.com\/entw\/kontaktformular\/impressum\/\" \/>\n<meta property=\"og:locale\" content=\"de_DE\" \/>\n<meta property=\"og:type\" content=\"article\" \/>\n<meta property=\"og:title\" content=\"Impressum &#187; Entw \/ Mac McLaw\" \/>\n<meta property=\"og:description\" content=\"Angaben gem\u00e4\u00df \u00a7 5 TMG: Mac McLaw c\/o\u00a0Scheitza Christstr. 43 44789 Bochum Kontakt: Telefon: wird auf seri\u00f6se Anfrage mitgeteilt, falls erforderlich E-Mail: kontakt\u00a0[\u00e4\u00e4t] macmclaw [puunkt] de Umsatzsteuer-ID: Umsatzsteuer-Identifikationsnummer gem\u00e4\u00df \u00a727 a Umsatzsteuergesetz: DE 276 381 010 Aufsichtsbeh\u00f6rde der Stadt Bochum:&hellip;\" \/>\n<meta property=\"og:url\" content=\"https:\/\/mclawmedia.com\/entw\/kontaktformular\/impressum\/\" \/>\n<meta property=\"og:site_name\" content=\"Entw \/ Mac McLaw\" \/>\n<meta property=\"article:publisher\" content=\"https:\/\/www.facebook.com\/macmclaw\" \/>\n<meta property=\"article:modified_time\" content=\"2017-10-26T13:04:27+00:00\" \/>\n<meta name=\"twitter:card\" content=\"summary_large_image\" \/>\n<meta name=\"twitter:site\" content=\"@macmclaw\" \/>\n<meta name=\"twitter:label1\" content=\"Gesch\u00e4tzte Lesezeit\" \/>\n\t<meta name=\"twitter:data1\" content=\"2\u00a0Minuten\" \/>\n<script type=\"application\/ld+json\" class=\"yoast-schema-graph\">{\"@context\":\"https:\/\/schema.org\",\"@graph\":[{\"@type\":\"WebPage\",\"@id\":\"https:\/\/mclawmedia.com\/entw\/kontaktformular\/impressum\/\",\"url\":\"https:\/\/mclawmedia.com\/entw\/kontaktformular\/impressum\/\",\"name\":\"Impressum &#187; Entw \/ Mac McLaw\",\"isPartOf\":{\"@id\":\"https:\/\/mclawmedia.com\/entw\/#website\"},\"datePublished\":\"2017-02-20T15:47:15+00:00\",\"dateModified\":\"2017-10-26T13:04:27+00:00\",\"breadcrumb\":{\"@id\":\"https:\/\/mclawmedia.com\/entw\/kontaktformular\/impressum\/#breadcrumb\"},\"inLanguage\":\"de\",\"potentialAction\":[{\"@type\":\"ReadAction\",\"target\":[\"https:\/\/mclawmedia.com\/entw\/kontaktformular\/impressum\/\"]}]},{\"@type\":\"BreadcrumbList\",\"@id\":\"https:\/\/mclawmedia.com\/entw\/kontaktformular\/impressum\/#breadcrumb\",\"itemListElement\":[{\"@type\":\"ListItem\",\"position\":1,\"name\":\"Startseite\",\"item\":\"https:\/\/mclawmedia.com\/entw\/\"},{\"@type\":\"ListItem\",\"position\":2,\"name\":\"Kontaktformular\",\"item\":\"https:\/\/mclawmedia.com\/entw\/kontaktformular\/\"},{\"@type\":\"ListItem\",\"position\":3,\"name\":\"Impressum\"}]},{\"@type\":\"WebSite\",\"@id\":\"https:\/\/mclawmedia.com\/entw\/#website\",\"url\":\"https:\/\/mclawmedia.com\/entw\/\",\"name\":\"Entw \/ Mac McLaw\",\"description\":\"Independent Autor aus dem Ruhrgebiet\",\"potentialAction\":[{\"@type\":\"SearchAction\",\"target\":{\"@type\":\"EntryPoint\",\"urlTemplate\":\"https:\/\/mclawmedia.com\/entw\/?s={search_term_string}\"},\"query-input\":{\"@type\":\"PropertyValueSpecification\",\"valueRequired\":true,\"valueName\":\"search_term_string\"}}],\"inLanguage\":\"de\"}]}<\/script>\n<!-- \/ Yoast SEO plugin. -->","yoast_head_json":{"title":"Impressum &#187; Entw \/ Mac McLaw","robots":{"index":"index","follow":"follow","max-snippet":"max-snippet:-1","max-image-preview":"max-image-preview:large","max-video-preview":"max-video-preview:-1"},"canonical":"https:\/\/mclawmedia.com\/entw\/kontaktformular\/impressum\/","og_locale":"de_DE","og_type":"article","og_title":"Impressum &#187; Entw \/ Mac McLaw","og_description":"Angaben gem\u00e4\u00df \u00a7 5 TMG: Mac McLaw c\/o\u00a0Scheitza Christstr. 43 44789 Bochum Kontakt: Telefon: wird auf seri\u00f6se Anfrage mitgeteilt, falls erforderlich E-Mail: kontakt\u00a0[\u00e4\u00e4t] macmclaw [puunkt] de Umsatzsteuer-ID: Umsatzsteuer-Identifikationsnummer gem\u00e4\u00df \u00a727 a Umsatzsteuergesetz: DE 276 381 010 Aufsichtsbeh\u00f6rde der Stadt Bochum:&hellip;","og_url":"https:\/\/mclawmedia.com\/entw\/kontaktformular\/impressum\/","og_site_name":"Entw \/ Mac McLaw","article_publisher":"https:\/\/www.facebook.com\/macmclaw","article_modified_time":"2017-10-26T13:04:27+00:00","twitter_card":"summary_large_image","twitter_site":"@macmclaw","twitter_misc":{"Gesch\u00e4tzte Lesezeit":"2\u00a0Minuten"},"schema":{"@context":"https:\/\/schema.org","@graph":[{"@type":"WebPage","@id":"https:\/\/mclawmedia.com\/entw\/kontaktformular\/impressum\/","url":"https:\/\/mclawmedia.com\/entw\/kontaktformular\/impressum\/","name":"Impressum &#187; Entw \/ Mac McLaw","isPartOf":{"@id":"https:\/\/mclawmedia.com\/entw\/#website"},"datePublished":"2017-02-20T15:47:15+00:00","dateModified":"2017-10-26T13:04:27+00:00","breadcrumb":{"@id":"https:\/\/mclawmedia.com\/entw\/kontaktformular\/impressum\/#breadcrumb"},"inLanguage":"de","potentialAction":[{"@type":"ReadAction","target":["https:\/\/mclawmedia.com\/entw\/kontaktformular\/impressum\/"]}]},{"@type":"BreadcrumbList","@id":"https:\/\/mclawmedia.com\/entw\/kontaktformular\/impressum\/#breadcrumb","itemListElement":[{"@type":"ListItem","position":1,"name":"Startseite","item":"https:\/\/mclawmedia.com\/entw\/"},{"@type":"ListItem","position":2,"name":"Kontaktformular","item":"https:\/\/mclawmedia.com\/entw\/kontaktformular\/"},{"@type":"ListItem","position":3,"name":"Impressum"}]},{"@type":"WebSite","@id":"https:\/\/mclawmedia.com\/entw\/#website","url":"https:\/\/mclawmedia.com\/entw\/","name":"Entw \/ Mac McLaw","description":"Independent Autor aus dem Ruhrgebiet","potentialAction":[{"@type":"SearchAction","target":{"@type":"EntryPoint","urlTemplate":"https:\/\/mclawmedia.com\/entw\/?s={search_term_string}"},"query-input":{"@type":"PropertyValueSpecification","valueRequired":true,"valueName":"search_term_string"}}],"inLanguage":"de"}]}},"_links":{"self":[{"href":"https:\/\/mclawmedia.com\/entw\/wp-json\/wp\/v2\/pages\/11","targetHints":{"allow":["GET"]}}],"collection":[{"href":"https:\/\/mclawmedia.com\/entw\/wp-json\/wp\/v2\/pages"}],"about":[{"href":"https:\/\/mclawmedia.com\/entw\/wp-json\/wp\/v2\/types\/page"}],"author":[{"embeddable":true,"href":"https:\/\/mclawmedia.com\/entw\/wp-json\/wp\/v2\/users\/3"}],"replies":[{"embeddable":true,"href":"https:\/\/mclawmedia.com\/entw\/wp-json\/wp\/v2\/comments?post=11"}],"version-history":[{"count":1,"href":"https:\/\/mclawmedia.com\/entw\/wp-json\/wp\/v2\/pages\/11\/revisions"}],"predecessor-version":[{"id":809,"href":"https:\/\/mclawmedia.com\/entw\/wp-json\/wp\/v2\/pages\/11\/revisions\/809"}],"up":[{"embeddable":true,"href":"https:\/\/mclawmedia.com\/entw\/wp-json\/wp\/v2\/pages\/27"}],"wp:attachment":[{"href":"https:\/\/mclawmedia.com\/entw\/wp-json\/wp\/v2\/media?parent=11"}],"curies":[{"name":"wp","href":"https:\/\/api.w.org\/{rel}","templated":true}]}}