{"id":107,"date":"2017-05-15T20:58:17","date_gmt":"2017-05-15T18:58:17","guid":{"rendered":"https:\/\/mclawmedia.com\/entw\/?page_id=107"},"modified":"2020-03-08T20:25:29","modified_gmt":"2020-03-08T19:25:29","slug":"jungs-weinen-nicht","status":"publish","type":"page","link":"https:\/\/mclawmedia.com\/entw\/jungs-weinen-nicht\/","title":{"rendered":"Jungs weinen nicht"},"content":{"rendered":"<p>&nbsp;<\/p>\n<p><strong>Liebe<\/strong>, <strong>Leidenschaft<\/strong> und Emotionen &#8211; revolution\u00e4r &amp; romantisch!<br \/>\n\u00bbJungs weinen nicht\u00ab ist ein Buch voller <strong>emotionaler <\/strong>Texte und Ideen &#8211; immer <strong>tiefgr\u00fcndig<\/strong> und doppeldeutig&#8230;<\/p>\n<p>Diese neue Auflage mit 32 <strong>Gedichten<\/strong> und 17 begleitenden original McLaw <strong>Fotos<\/strong> ist sch\u00f6n, schmutzig und leidenschaftlich &#8211; pure emotionale Dichtung! Vor allem anderen aber ist es zuerst eine Hommage an das Leben und die Liebe!<\/p>\n<p>Es ist Liebe, Sch\u00f6nheit, Verzweiflung, Hoffnung, Gl\u00fcck und Traurigkeit; \u00fcber das <strong>Leben<\/strong> und die <strong>Liebe<\/strong> genauso wie \u00fcber den Job, die <strong>Kritik am System<\/strong> und dem <strong>Umgang der Menschen<\/strong> miteinander.<\/p>\n<p>&nbsp;<\/p>\n<p class=\"Normal-P\" style=\"text-align: center;\">\n","protected":false},"excerpt":{"rendered":"<p>&nbsp; Liebe, Leidenschaft und Emotionen &#8211; revolution\u00e4r &amp; romantisch! \u00bbJungs weinen nicht\u00ab ist ein Buch voller emotionaler Texte und Ideen &#8211; immer tiefgr\u00fcndig und doppeldeutig&#8230; Diese neue Auflage mit 32 Gedichten und 17 begleitenden original McLaw Fotos ist sch\u00f6n, schmutzig&hellip; <\/p>\n","protected":false},"author":1,"featured_media":0,"parent":0,"menu_order":0,"comment_status":"closed","ping_status":"closed","template":"","meta":{"footnotes":""},"class_list":["post-107","page","type-page","status-publish","hentry"],"yoast_head":"<!-- This site is optimized with the Yoast SEO plugin v25.7 - https:\/\/yoast.com\/wordpress\/plugins\/seo\/ -->\n<title>Jungs weinen nicht &#187; Entw \/ Mac McLaw<\/title>\n<meta name=\"robots\" content=\"index, follow, max-snippet:-1, max-image-preview:large, max-video-preview:-1\" \/>\n<link rel=\"canonical\" href=\"https:\/\/mclawmedia.com\/entw\/jungs-weinen-nicht\/\" \/>\n<meta property=\"og:locale\" content=\"de_DE\" \/>\n<meta property=\"og:type\" content=\"article\" \/>\n<meta property=\"og:title\" content=\"Jungs weinen nicht &#187; Entw \/ Mac McLaw\" \/>\n<meta property=\"og:description\" content=\"&nbsp; Liebe, Leidenschaft und Emotionen &#8211; revolution\u00e4r &amp; romantisch! \u00bbJungs weinen nicht\u00ab ist ein Buch voller emotionaler Texte und Ideen &#8211; immer tiefgr\u00fcndig und doppeldeutig&#8230; Diese neue Auflage mit 32 Gedichten und 17 begleitenden original McLaw Fotos ist sch\u00f6n, schmutzig&hellip;\" \/>\n<meta property=\"og:url\" content=\"https:\/\/mclawmedia.com\/entw\/jungs-weinen-nicht\/\" \/>\n<meta property=\"og:site_name\" content=\"Entw \/ Mac McLaw\" \/>\n<meta property=\"article:publisher\" content=\"https:\/\/www.facebook.com\/macmclaw\" \/>\n<meta property=\"article:modified_time\" content=\"2020-03-08T19:25:29+00:00\" \/>\n<meta name=\"twitter:card\" content=\"summary_large_image\" \/>\n<meta name=\"twitter:site\" content=\"@macmclaw\" \/>\n<script type=\"application\/ld+json\" class=\"yoast-schema-graph\">{\"@context\":\"https:\/\/schema.org\",\"@graph\":[{\"@type\":\"WebPage\",\"@id\":\"https:\/\/mclawmedia.com\/entw\/jungs-weinen-nicht\/\",\"url\":\"https:\/\/mclawmedia.com\/entw\/jungs-weinen-nicht\/\",\"name\":\"Jungs weinen nicht &#187; Entw \/ Mac McLaw\",\"isPartOf\":{\"@id\":\"https:\/\/mclawmedia.com\/entw\/#website\"},\"datePublished\":\"2017-05-15T18:58:17+00:00\",\"dateModified\":\"2020-03-08T19:25:29+00:00\",\"breadcrumb\":{\"@id\":\"https:\/\/mclawmedia.com\/entw\/jungs-weinen-nicht\/#breadcrumb\"},\"inLanguage\":\"de\",\"potentialAction\":[{\"@type\":\"ReadAction\",\"target\":[\"https:\/\/mclawmedia.com\/entw\/jungs-weinen-nicht\/\"]}]},{\"@type\":\"BreadcrumbList\",\"@id\":\"https:\/\/mclawmedia.com\/entw\/jungs-weinen-nicht\/#breadcrumb\",\"itemListElement\":[{\"@type\":\"ListItem\",\"position\":1,\"name\":\"Startseite\",\"item\":\"https:\/\/mclawmedia.com\/entw\/\"},{\"@type\":\"ListItem\",\"position\":2,\"name\":\"Jungs weinen nicht\"}]},{\"@type\":\"WebSite\",\"@id\":\"https:\/\/mclawmedia.com\/entw\/#website\",\"url\":\"https:\/\/mclawmedia.com\/entw\/\",\"name\":\"Entw \/ Mac McLaw\",\"description\":\"Independent Autor aus dem Ruhrgebiet\",\"potentialAction\":[{\"@type\":\"SearchAction\",\"target\":{\"@type\":\"EntryPoint\",\"urlTemplate\":\"https:\/\/mclawmedia.com\/entw\/?s={search_term_string}\"},\"query-input\":{\"@type\":\"PropertyValueSpecification\",\"valueRequired\":true,\"valueName\":\"search_term_string\"}}],\"inLanguage\":\"de\"}]}<\/script>\n<!-- \/ Yoast SEO plugin. -->","yoast_head_json":{"title":"Jungs weinen nicht &#187; Entw \/ Mac McLaw","robots":{"index":"index","follow":"follow","max-snippet":"max-snippet:-1","max-image-preview":"max-image-preview:large","max-video-preview":"max-video-preview:-1"},"canonical":"https:\/\/mclawmedia.com\/entw\/jungs-weinen-nicht\/","og_locale":"de_DE","og_type":"article","og_title":"Jungs weinen nicht &#187; Entw \/ Mac McLaw","og_description":"&nbsp; Liebe, Leidenschaft und Emotionen &#8211; revolution\u00e4r &amp; romantisch! \u00bbJungs weinen nicht\u00ab ist ein Buch voller emotionaler Texte und Ideen &#8211; immer tiefgr\u00fcndig und doppeldeutig&#8230; Diese neue Auflage mit 32 Gedichten und 17 begleitenden original McLaw Fotos ist sch\u00f6n, schmutzig&hellip;","og_url":"https:\/\/mclawmedia.com\/entw\/jungs-weinen-nicht\/","og_site_name":"Entw \/ Mac McLaw","article_publisher":"https:\/\/www.facebook.com\/macmclaw","article_modified_time":"2020-03-08T19:25:29+00:00","twitter_card":"summary_large_image","twitter_site":"@macmclaw","schema":{"@context":"https:\/\/schema.org","@graph":[{"@type":"WebPage","@id":"https:\/\/mclawmedia.com\/entw\/jungs-weinen-nicht\/","url":"https:\/\/mclawmedia.com\/entw\/jungs-weinen-nicht\/","name":"Jungs weinen nicht &#187; Entw \/ Mac McLaw","isPartOf":{"@id":"https:\/\/mclawmedia.com\/entw\/#website"},"datePublished":"2017-05-15T18:58:17+00:00","dateModified":"2020-03-08T19:25:29+00:00","breadcrumb":{"@id":"https:\/\/mclawmedia.com\/entw\/jungs-weinen-nicht\/#breadcrumb"},"inLanguage":"de","potentialAction":[{"@type":"ReadAction","target":["https:\/\/mclawmedia.com\/entw\/jungs-weinen-nicht\/"]}]},{"@type":"BreadcrumbList","@id":"https:\/\/mclawmedia.com\/entw\/jungs-weinen-nicht\/#breadcrumb","itemListElement":[{"@type":"ListItem","position":1,"name":"Startseite","item":"https:\/\/mclawmedia.com\/entw\/"},{"@type":"ListItem","position":2,"name":"Jungs weinen nicht"}]},{"@type":"WebSite","@id":"https:\/\/mclawmedia.com\/entw\/#website","url":"https:\/\/mclawmedia.com\/entw\/","name":"Entw \/ Mac McLaw","description":"Independent Autor aus dem Ruhrgebiet","potentialAction":[{"@type":"SearchAction","target":{"@type":"EntryPoint","urlTemplate":"https:\/\/mclawmedia.com\/entw\/?s={search_term_string}"},"query-input":{"@type":"PropertyValueSpecification","valueRequired":true,"valueName":"search_term_string"}}],"inLanguage":"de"}]}},"_links":{"self":[{"href":"https:\/\/mclawmedia.com\/entw\/wp-json\/wp\/v2\/pages\/107","targetHints":{"allow":["GET"]}}],"collection":[{"href":"https:\/\/mclawmedia.com\/entw\/wp-json\/wp\/v2\/pages"}],"about":[{"href":"https:\/\/mclawmedia.com\/entw\/wp-json\/wp\/v2\/types\/page"}],"author":[{"embeddable":true,"href":"https:\/\/mclawmedia.com\/entw\/wp-json\/wp\/v2\/users\/1"}],"replies":[{"embeddable":true,"href":"https:\/\/mclawmedia.com\/entw\/wp-json\/wp\/v2\/comments?post=107"}],"version-history":[{"count":2,"href":"https:\/\/mclawmedia.com\/entw\/wp-json\/wp\/v2\/pages\/107\/revisions"}],"predecessor-version":[{"id":839,"href":"https:\/\/mclawmedia.com\/entw\/wp-json\/wp\/v2\/pages\/107\/revisions\/839"}],"wp:attachment":[{"href":"https:\/\/mclawmedia.com\/entw\/wp-json\/wp\/v2\/media?parent=107"}],"curies":[{"name":"wp","href":"https:\/\/api.w.org\/{rel}","templated":true}]}}