{"id":104,"date":"2017-05-15T20:57:58","date_gmt":"2017-05-15T18:57:58","guid":{"rendered":"https:\/\/mclawmedia.com\/entw\/?page_id=104"},"modified":"2020-03-08T20:25:55","modified_gmt":"2020-03-08T19:25:55","slug":"wie-ein-wilder-sturm","status":"publish","type":"page","link":"https:\/\/mclawmedia.com\/entw\/wie-ein-wilder-sturm\/","title":{"rendered":"Wie ein wilder Sturm"},"content":{"rendered":"<p>&nbsp;<\/p>\n<p>\u2026ein Wechselspiel\u2026<\/p>\n<p>\u00bb<strong>Wie ein wilder Sturm<\/strong>\u00ab ist vor allem ein Buch \u00fcber die Liebe!<\/p>\n<p><strong>Die Liebe<\/strong>\u2026 zum Leben, zur Liebe, zur Gerechtigkeit, zur Leidenschaft, f\u00fcr Aufkl\u00e4rung und Widerstand\u2026 \u00bbwie ein wilder Sturm\u00ab fegt sie durch das Land: \u2026die Liebe\u2026!<\/p>\n<p>Das Buch ist aber auch ein <strong>Wechselspiel<\/strong> zwischen der unglaublichen W\u00e4rme und Kraft der Liebe und der leider viel zu h\u00e4ufig zu beobachtenden K\u00e4lte bestimmter Menschen!<\/p>\n<div class=\"entry-content clearfix\">\n<p>&nbsp;<\/p>\n<p>Im Buch enthalten sind nicht nur 39 <strong>Texte<\/strong>, Gedichte und Ideen, sondern auch 28 begleitende original McLaw <strong>Fotos<\/strong>.<\/p>\n<\/div>\n<p><strong>McLaw<\/strong> B\u00fccher sind immer doppeldeutig, <strong>tiefsinnig<\/strong> und voller <strong>Leidenschaft<\/strong>&#8230;<br \/>\nAuch dieses Buch von McLaw wurde stark durch sein Leben in Paris beeinflusst&#8230;<\/p>\n<p>Vor allem ist dieses Buch aber auch wieder eine Hommage an das <strong>Leben und die Liebe<\/strong>!<\/p>\n","protected":false},"excerpt":{"rendered":"<p>&nbsp; \u2026ein Wechselspiel\u2026 \u00bbWie ein wilder Sturm\u00ab ist vor allem ein Buch \u00fcber die Liebe! Die Liebe\u2026 zum Leben, zur Liebe, zur Gerechtigkeit, zur Leidenschaft, f\u00fcr Aufkl\u00e4rung und Widerstand\u2026 \u00bbwie ein wilder Sturm\u00ab fegt sie durch das Land: \u2026die Liebe\u2026!&hellip; <\/p>\n","protected":false},"author":1,"featured_media":0,"parent":0,"menu_order":0,"comment_status":"closed","ping_status":"closed","template":"","meta":{"footnotes":""},"class_list":["post-104","page","type-page","status-publish","hentry"],"yoast_head":"<!-- This site is optimized with the Yoast SEO plugin v25.7 - https:\/\/yoast.com\/wordpress\/plugins\/seo\/ -->\n<title>Wie ein wilder Sturm &#187; Entw \/ Mac McLaw<\/title>\n<meta name=\"robots\" content=\"index, follow, max-snippet:-1, max-image-preview:large, max-video-preview:-1\" \/>\n<link rel=\"canonical\" href=\"https:\/\/mclawmedia.com\/entw\/wie-ein-wilder-sturm\/\" \/>\n<meta property=\"og:locale\" content=\"de_DE\" \/>\n<meta property=\"og:type\" content=\"article\" \/>\n<meta property=\"og:title\" content=\"Wie ein wilder Sturm &#187; Entw \/ Mac McLaw\" \/>\n<meta property=\"og:description\" content=\"&nbsp; \u2026ein Wechselspiel\u2026 \u00bbWie ein wilder Sturm\u00ab ist vor allem ein Buch \u00fcber die Liebe! Die Liebe\u2026 zum Leben, zur Liebe, zur Gerechtigkeit, zur Leidenschaft, f\u00fcr Aufkl\u00e4rung und Widerstand\u2026 \u00bbwie ein wilder Sturm\u00ab fegt sie durch das Land: \u2026die Liebe\u2026!&hellip;\" \/>\n<meta property=\"og:url\" content=\"https:\/\/mclawmedia.com\/entw\/wie-ein-wilder-sturm\/\" \/>\n<meta property=\"og:site_name\" content=\"Entw \/ Mac McLaw\" \/>\n<meta property=\"article:publisher\" content=\"https:\/\/www.facebook.com\/macmclaw\" \/>\n<meta property=\"article:modified_time\" content=\"2020-03-08T19:25:55+00:00\" \/>\n<meta name=\"twitter:card\" content=\"summary_large_image\" \/>\n<meta name=\"twitter:site\" content=\"@macmclaw\" \/>\n<meta name=\"twitter:label1\" content=\"Gesch\u00e4tzte Lesezeit\" \/>\n\t<meta name=\"twitter:data1\" content=\"1\u00a0Minute\" \/>\n<script type=\"application\/ld+json\" class=\"yoast-schema-graph\">{\"@context\":\"https:\/\/schema.org\",\"@graph\":[{\"@type\":\"WebPage\",\"@id\":\"https:\/\/mclawmedia.com\/entw\/wie-ein-wilder-sturm\/\",\"url\":\"https:\/\/mclawmedia.com\/entw\/wie-ein-wilder-sturm\/\",\"name\":\"Wie ein wilder Sturm &#187; Entw \/ Mac McLaw\",\"isPartOf\":{\"@id\":\"https:\/\/mclawmedia.com\/entw\/#website\"},\"datePublished\":\"2017-05-15T18:57:58+00:00\",\"dateModified\":\"2020-03-08T19:25:55+00:00\",\"breadcrumb\":{\"@id\":\"https:\/\/mclawmedia.com\/entw\/wie-ein-wilder-sturm\/#breadcrumb\"},\"inLanguage\":\"de\",\"potentialAction\":[{\"@type\":\"ReadAction\",\"target\":[\"https:\/\/mclawmedia.com\/entw\/wie-ein-wilder-sturm\/\"]}]},{\"@type\":\"BreadcrumbList\",\"@id\":\"https:\/\/mclawmedia.com\/entw\/wie-ein-wilder-sturm\/#breadcrumb\",\"itemListElement\":[{\"@type\":\"ListItem\",\"position\":1,\"name\":\"Startseite\",\"item\":\"https:\/\/mclawmedia.com\/entw\/\"},{\"@type\":\"ListItem\",\"position\":2,\"name\":\"Wie ein wilder Sturm\"}]},{\"@type\":\"WebSite\",\"@id\":\"https:\/\/mclawmedia.com\/entw\/#website\",\"url\":\"https:\/\/mclawmedia.com\/entw\/\",\"name\":\"Entw \/ Mac McLaw\",\"description\":\"Independent Autor aus dem Ruhrgebiet\",\"potentialAction\":[{\"@type\":\"SearchAction\",\"target\":{\"@type\":\"EntryPoint\",\"urlTemplate\":\"https:\/\/mclawmedia.com\/entw\/?s={search_term_string}\"},\"query-input\":{\"@type\":\"PropertyValueSpecification\",\"valueRequired\":true,\"valueName\":\"search_term_string\"}}],\"inLanguage\":\"de\"}]}<\/script>\n<!-- \/ Yoast SEO plugin. -->","yoast_head_json":{"title":"Wie ein wilder Sturm &#187; Entw \/ Mac McLaw","robots":{"index":"index","follow":"follow","max-snippet":"max-snippet:-1","max-image-preview":"max-image-preview:large","max-video-preview":"max-video-preview:-1"},"canonical":"https:\/\/mclawmedia.com\/entw\/wie-ein-wilder-sturm\/","og_locale":"de_DE","og_type":"article","og_title":"Wie ein wilder Sturm &#187; Entw \/ Mac McLaw","og_description":"&nbsp; \u2026ein Wechselspiel\u2026 \u00bbWie ein wilder Sturm\u00ab ist vor allem ein Buch \u00fcber die Liebe! Die Liebe\u2026 zum Leben, zur Liebe, zur Gerechtigkeit, zur Leidenschaft, f\u00fcr Aufkl\u00e4rung und Widerstand\u2026 \u00bbwie ein wilder Sturm\u00ab fegt sie durch das Land: \u2026die Liebe\u2026!&hellip;","og_url":"https:\/\/mclawmedia.com\/entw\/wie-ein-wilder-sturm\/","og_site_name":"Entw \/ Mac McLaw","article_publisher":"https:\/\/www.facebook.com\/macmclaw","article_modified_time":"2020-03-08T19:25:55+00:00","twitter_card":"summary_large_image","twitter_site":"@macmclaw","twitter_misc":{"Gesch\u00e4tzte Lesezeit":"1\u00a0Minute"},"schema":{"@context":"https:\/\/schema.org","@graph":[{"@type":"WebPage","@id":"https:\/\/mclawmedia.com\/entw\/wie-ein-wilder-sturm\/","url":"https:\/\/mclawmedia.com\/entw\/wie-ein-wilder-sturm\/","name":"Wie ein wilder Sturm &#187; Entw \/ Mac McLaw","isPartOf":{"@id":"https:\/\/mclawmedia.com\/entw\/#website"},"datePublished":"2017-05-15T18:57:58+00:00","dateModified":"2020-03-08T19:25:55+00:00","breadcrumb":{"@id":"https:\/\/mclawmedia.com\/entw\/wie-ein-wilder-sturm\/#breadcrumb"},"inLanguage":"de","potentialAction":[{"@type":"ReadAction","target":["https:\/\/mclawmedia.com\/entw\/wie-ein-wilder-sturm\/"]}]},{"@type":"BreadcrumbList","@id":"https:\/\/mclawmedia.com\/entw\/wie-ein-wilder-sturm\/#breadcrumb","itemListElement":[{"@type":"ListItem","position":1,"name":"Startseite","item":"https:\/\/mclawmedia.com\/entw\/"},{"@type":"ListItem","position":2,"name":"Wie ein wilder Sturm"}]},{"@type":"WebSite","@id":"https:\/\/mclawmedia.com\/entw\/#website","url":"https:\/\/mclawmedia.com\/entw\/","name":"Entw \/ Mac McLaw","description":"Independent Autor aus dem Ruhrgebiet","potentialAction":[{"@type":"SearchAction","target":{"@type":"EntryPoint","urlTemplate":"https:\/\/mclawmedia.com\/entw\/?s={search_term_string}"},"query-input":{"@type":"PropertyValueSpecification","valueRequired":true,"valueName":"search_term_string"}}],"inLanguage":"de"}]}},"_links":{"self":[{"href":"https:\/\/mclawmedia.com\/entw\/wp-json\/wp\/v2\/pages\/104","targetHints":{"allow":["GET"]}}],"collection":[{"href":"https:\/\/mclawmedia.com\/entw\/wp-json\/wp\/v2\/pages"}],"about":[{"href":"https:\/\/mclawmedia.com\/entw\/wp-json\/wp\/v2\/types\/page"}],"author":[{"embeddable":true,"href":"https:\/\/mclawmedia.com\/entw\/wp-json\/wp\/v2\/users\/1"}],"replies":[{"embeddable":true,"href":"https:\/\/mclawmedia.com\/entw\/wp-json\/wp\/v2\/comments?post=104"}],"version-history":[{"count":3,"href":"https:\/\/mclawmedia.com\/entw\/wp-json\/wp\/v2\/pages\/104\/revisions"}],"predecessor-version":[{"id":840,"href":"https:\/\/mclawmedia.com\/entw\/wp-json\/wp\/v2\/pages\/104\/revisions\/840"}],"wp:attachment":[{"href":"https:\/\/mclawmedia.com\/entw\/wp-json\/wp\/v2\/media?parent=104"}],"curies":[{"name":"wp","href":"https:\/\/api.w.org\/{rel}","templated":true}]}}